{"id":11,"date":"2017-01-30T08:30:56","date_gmt":"2017-01-30T07:30:56","guid":{"rendered":"http:\/\/demographie-campagnol.vetagro-sup.fr\/?page_id=11"},"modified":"2018-02-23T11:44:00","modified_gmt":"2018-02-23T10:44:00","slug":"une-section-de-page-daccueil","status":"publish","type":"page","link":"https:\/\/demographie-campagnol.vetagro-sup.fr\/index.php\/une-section-de-page-daccueil\/","title":{"rendered":"Protocoles de suivi sur le terrain"},"content":{"rendered":"<p>Cette page vise \u00e0 pr\u00e9ciser le type de relev\u00e9s qui sont mis en place dans les parcelles agricoles. Il existe deux types de suivis, des <span style=\"color: #800000;\"><a style=\"color: #800000;\" href=\"http:\/\/demographie-campagnol.vetagro-sup.fr\/index.php\/suivi-plein-champs\/\">suivis plein champs<\/a><\/span>, fait chez des agriculteurs , et des <a href=\"http:\/\/demographie-campagnol.vetagro-sup.fr\/index.php\/suivi-cmr\/\"><span style=\"color: #800000;\">suivis CMR<\/span><\/a> qui seront mis en place \u00e0 Laqueuille, sur le domaine exp\u00e9rimental de l&rsquo;INRA (<a href=\"http:\/\/www.ara.inra.fr\/Toutes-les-actualites\/Herbipole\"><span style=\"color: #800000;\">herbipole<\/span><\/a>)<em>.<\/em><\/p>\n<h5><span style=\"color: #999999;\">D\u00e9tails des protocoles :<\/span><\/h5>\n<p><a href=\"http:\/\/demographie-campagnol.vetagro-sup.fr\/index.php\/suivi-plein-champs\/\"><img loading=\"lazy\" decoding=\"async\" class=\"alignleft wp-image-143\" src=\"http:\/\/demographie-campagnol.vetagro-sup.fr\/wp-content\/uploads\/2017\/02\/plein-champs.jpg\" alt=\"\" width=\"100\" height=\"130\" \/><\/a><a href=\"http:\/\/demographie-campagnol.vetagro-sup.fr\/index.php\/suivi-cmr\/\"><img loading=\"lazy\" decoding=\"async\" class=\"wp-image-142 alignright\" src=\"http:\/\/demographie-campagnol.vetagro-sup.fr\/wp-content\/uploads\/2017\/02\/CMR.jpg\" width=\"100\" height=\"130\" \/><\/a><\/p>\n<p>&nbsp;<\/p>\n<p>&nbsp;<\/p>\n<p>&nbsp;<\/p>\n<p>&nbsp;<\/p>\n<p>&nbsp;<\/p>\n<p>Vous voulez participer aux suivis plein champs en donnant l&rsquo;acc\u00e8s \u00e0 vos parcelles,<a href=\"http:\/\/demographie-campagnol.vetagro-sup.fr\/index.php\/autorisation-acces\/\"><span style=\"color: #800000;\"> cliquez ici<\/span><\/a><\/p>\n","protected":false},"excerpt":{"rendered":"<p>Cette page vise \u00e0 pr\u00e9ciser le type de relev\u00e9s qui sont mis en place dans les parcelles agricoles. Il existe deux types de suivis, des suivis plein champs, fait chez des agriculteurs , et des suivis CMR qui seront mis en place \u00e0 Laqueuille, sur le domaine exp\u00e9rimental de l&rsquo;INRA (herbipole). D\u00e9tails des protocoles : &hellip; <\/p>\n<p class=\"link-more\"><a href=\"https:\/\/demographie-campagnol.vetagro-sup.fr\/index.php\/une-section-de-page-daccueil\/\" class=\"more-link\">Continuer la lecture<span class=\"screen-reader-text\"> de &laquo;&nbsp;Protocoles de suivi sur le terrain&nbsp;&raquo;<\/span><\/a><\/p>\n","protected":false},"author":1,"featured_media":177,"parent":0,"menu_order":0,"comment_status":"closed","ping_status":"closed","template":"","meta":{"footnotes":""},"class_list":["post-11","page","type-page","status-publish","has-post-thumbnail","hentry"],"_links":{"self":[{"href":"https:\/\/demographie-campagnol.vetagro-sup.fr\/index.php\/wp-json\/wp\/v2\/pages\/11","targetHints":{"allow":["GET"]}}],"collection":[{"href":"https:\/\/demographie-campagnol.vetagro-sup.fr\/index.php\/wp-json\/wp\/v2\/pages"}],"about":[{"href":"https:\/\/demographie-campagnol.vetagro-sup.fr\/index.php\/wp-json\/wp\/v2\/types\/page"}],"author":[{"embeddable":true,"href":"https:\/\/demographie-campagnol.vetagro-sup.fr\/index.php\/wp-json\/wp\/v2\/users\/1"}],"replies":[{"embeddable":true,"href":"https:\/\/demographie-campagnol.vetagro-sup.fr\/index.php\/wp-json\/wp\/v2\/comments?post=11"}],"version-history":[{"count":26,"href":"https:\/\/demographie-campagnol.vetagro-sup.fr\/index.php\/wp-json\/wp\/v2\/pages\/11\/revisions"}],"predecessor-version":[{"id":237,"href":"https:\/\/demographie-campagnol.vetagro-sup.fr\/index.php\/wp-json\/wp\/v2\/pages\/11\/revisions\/237"}],"wp:featuredmedia":[{"embeddable":true,"href":"https:\/\/demographie-campagnol.vetagro-sup.fr\/index.php\/wp-json\/wp\/v2\/media\/177"}],"wp:attachment":[{"href":"https:\/\/demographie-campagnol.vetagro-sup.fr\/index.php\/wp-json\/wp\/v2\/media?parent=11"}],"curies":[{"name":"wp","href":"https:\/\/api.w.org\/{rel}","templated":true}]}}