{"id":130,"date":"2017-02-10T09:18:22","date_gmt":"2017-02-10T08:18:22","guid":{"rendered":"http:\/\/demographie-campagnol.vetagro-sup.fr\/?page_id=130"},"modified":"2017-03-14T14:54:17","modified_gmt":"2017-03-14T13:54:17","slug":"suivi-cmr","status":"publish","type":"page","link":"https:\/\/demographie-campagnol.vetagro-sup.fr\/index.php\/suivi-cmr\/","title":{"rendered":"Suivi CMR"},"content":{"rendered":"<p><strong>Dans les parcelles de l&rsquo;INRA, des suivis de populations de type Capture-Marquage-Recapture coupl\u00e9s \u00e0 des relev\u00e9s de donn\u00e9es environnementales <\/strong>(en cours de discussion avec l&rsquo;herbip\u00f4le et les domaines de Marcenat et de Theix)<strong><br \/>\n<\/strong><\/p>\n<p>Ce suivi se basera sur les techniques de capture-marquage-recapture, pour lesquels il faut r\u00e9aliser des mesures r\u00e9p\u00e9t\u00e9es sur les m\u00eames individus dans leur environnement. Plusieurs sites devraient \u00eatre suivis sur les domaines de l&rsquo;INRA. Nous ciblons uniquement ces domaines car la m\u00e9thode n\u00e9cessite de ne pas d\u00e9truire la population de campagnols afin de bien comprendre son fonctionnement. La surface n\u00e9cessaire pour ces suivi est relativement modeste; environ 1000m\u00b2 lors des phases de pullulation, et de quelques hectares \u00e0 faible densit\u00e9.<\/p>\n<p>A l\u2019aide d\u2019analyses statistiques, il est ensuite possible d\u2019inf\u00e9rer, \u00e0 l\u2019\u00e9chelle de la population, des param\u00e8tres d\u00e9mographiques tels que la survie apparente, le taux de recrutement, le taux de croissance de la population, la probabilit\u00e9 de capture, la probabilit\u00e9 de reproduction des individus. Ces param\u00e8tres d\u00e9mographiques pourront \u00e9galement \u00eatre corr\u00e9l\u00e9s \u00e0 la densit\u00e9 ou \u00e0 des param\u00e8tres environnementaux tels que le climat, la qualit\u00e9\/quantit\u00e9 de la v\u00e9g\u00e9tation, la densit\u00e9 de pr\u00e9dateurs ou encore les pratiques agricoles (e.g. fertilisation). Ceci est toutefois gourmand en donn\u00e9es et une grande quantit\u00e9 de campagnols suivis sera n\u00e9cessaire pour effectuer des analyses robustes. Les r\u00e9sultats de ces analyses nous permettrons de savoir si les phases de pullulations sont plut\u00f4t dues \u00e0 une augmentation de la reproduction, une augmentation de la survie ou des deux., et si les phases de d\u00e9clin sont plut\u00f4t li\u00e9es \u00e0 une surmortalit\u00e9 ou un d\u00e9faut de reproduction.<\/p>\n<p>&nbsp;<\/p>\n<p><a href=\"http:\/\/demographie-campagnol.vetagro-sup.fr\/index.php\/suivi-plein-champs\/\"><img loading=\"lazy\" decoding=\"async\" class=\"alignleft wp-image-143\" src=\"http:\/\/demographie-campagnol.vetagro-sup.fr\/wp-content\/uploads\/2017\/02\/plein-champs.jpg\" alt=\"\" width=\"100\" height=\"130\" \/><\/a><\/p>\n","protected":false},"excerpt":{"rendered":"<p>Dans les parcelles de l&rsquo;INRA, des suivis de populations de type Capture-Marquage-Recapture coupl\u00e9s \u00e0 des relev\u00e9s de donn\u00e9es environnementales (en cours de discussion avec l&rsquo;herbip\u00f4le et les domaines de Marcenat et de Theix) Ce suivi se basera sur les techniques de capture-marquage-recapture, pour lesquels il faut r\u00e9aliser des mesures r\u00e9p\u00e9t\u00e9es sur les m\u00eames individus dans &hellip; <\/p>\n<p class=\"link-more\"><a href=\"https:\/\/demographie-campagnol.vetagro-sup.fr\/index.php\/suivi-cmr\/\" class=\"more-link\">Continuer la lecture<span class=\"screen-reader-text\"> de &laquo;&nbsp;Suivi CMR&nbsp;&raquo;<\/span><\/a><\/p>\n","protected":false},"author":2,"featured_media":0,"parent":0,"menu_order":0,"comment_status":"closed","ping_status":"closed","template":"","meta":{"footnotes":""},"class_list":["post-130","page","type-page","status-publish","hentry"],"_links":{"self":[{"href":"https:\/\/demographie-campagnol.vetagro-sup.fr\/index.php\/wp-json\/wp\/v2\/pages\/130","targetHints":{"allow":["GET"]}}],"collection":[{"href":"https:\/\/demographie-campagnol.vetagro-sup.fr\/index.php\/wp-json\/wp\/v2\/pages"}],"about":[{"href":"https:\/\/demographie-campagnol.vetagro-sup.fr\/index.php\/wp-json\/wp\/v2\/types\/page"}],"author":[{"embeddable":true,"href":"https:\/\/demographie-campagnol.vetagro-sup.fr\/index.php\/wp-json\/wp\/v2\/users\/2"}],"replies":[{"embeddable":true,"href":"https:\/\/demographie-campagnol.vetagro-sup.fr\/index.php\/wp-json\/wp\/v2\/comments?post=130"}],"version-history":[{"count":4,"href":"https:\/\/demographie-campagnol.vetagro-sup.fr\/index.php\/wp-json\/wp\/v2\/pages\/130\/revisions"}],"predecessor-version":[{"id":210,"href":"https:\/\/demographie-campagnol.vetagro-sup.fr\/index.php\/wp-json\/wp\/v2\/pages\/130\/revisions\/210"}],"wp:attachment":[{"href":"https:\/\/demographie-campagnol.vetagro-sup.fr\/index.php\/wp-json\/wp\/v2\/media?parent=130"}],"curies":[{"name":"wp","href":"https:\/\/api.w.org\/{rel}","templated":true}]}}