{"id":133,"date":"2017-02-10T09:19:45","date_gmt":"2017-02-10T08:19:45","guid":{"rendered":"http:\/\/demographie-campagnol.vetagro-sup.fr\/?page_id=133"},"modified":"2018-02-23T12:02:10","modified_gmt":"2018-02-23T11:02:10","slug":"suivi-plein-champs","status":"publish","type":"page","link":"https:\/\/demographie-campagnol.vetagro-sup.fr\/index.php\/suivi-plein-champs\/","title":{"rendered":"Suivi plein champs"},"content":{"rendered":"<p><strong>Dans les parcelles d&rsquo;agriculteurs volontaires, des campagnes de pi\u00e9geages coupl\u00e9es \u00e0 de relev\u00e9s de donn\u00e9es environnementales<\/strong><\/p>\n<p>Nous souhaitons mettre en place des suivis permettant de connaitre les facteurs expliquant la variabilit\u00e9 du taux de croissance de la population. L&rsquo;\u00e9tude des taux de croissances imposte de faire 2 suivis cons\u00e9cutifs dans la m\u00eame parcelle. De mani\u00e8re g\u00e9n\u00e9rale, comme l&rsquo;on observe sur l&rsquo;esp\u00e8ce une saison de \u00ab\u00a0croissance\u00a0\u00bb et une saison de \u00ab\u00a0repos\u00a0\u00bb ces suivis se feront prioritairement par couples d\u00e9but de printemps &#8211; automne (mars\/avril &#8211; septembre\/octobre) pour estimer le taux de croissance durant la saison de \u00ab\u00a0croissance\u00a0\u00bb ou par couples automne &#8211; printemps (septembre\/octobre &#8211; mars\/avril) pour estimer le taux de croissance de la saison de \u00ab\u00a0repos\u00a0\u00bb.<\/p>\n<p>Nous estimons les densit\u00e9s de campagnol sur des zones restreintes en cas de fortes densit\u00e9s (carr\u00e9s de 20m * 20m) et sur des zones plus \u00e9tendus sur la densit\u00e9 est plus faible. L\u2019objectif et de r\u00e9cup\u00e9rer un minimum d&rsquo;une quinzaine de campagnols par parcelles (il est donc n\u00e9cessaire de pi\u00e9ger sur 1 hectare lorsque la densit\u00e9 est de l&rsquo;ordre de 15 individus par hectare). Nous \u00e9chantillonnons des parcelles allant d&rsquo;une quasi absence de campagnols \u00e0 des parcelles ou les campagnols pullulent.<\/p>\n<p>Les pi\u00e8ges que nous utilisons sont des pi\u00e8ges top-cat, les m\u00eames que couramment utilis\u00e9s par les agriculteurs. Ce sont des pi\u00e8ges l\u00e9taux. Leur efficacit\u00e9 permet d\u2019obtenir un tr\u00e8s bon taux de capture.<\/p>\n<p><img loading=\"lazy\" decoding=\"async\" class=\" wp-image-239 aligncenter\" src=\"http:\/\/demographie-campagnol.vetagro-sup.fr\/wp-content\/uploads\/2018\/02\/topcat_ga_ablauf-300x120.jpg\" alt=\"\" width=\"420\" height=\"168\" srcset=\"https:\/\/demographie-campagnol.vetagro-sup.fr\/wp-content\/uploads\/2018\/02\/topcat_ga_ablauf-300x120.jpg 300w, https:\/\/demographie-campagnol.vetagro-sup.fr\/wp-content\/uploads\/2018\/02\/topcat_ga_ablauf.jpg 500w\" sizes=\"auto, (max-width: 420px) 100vw, 420px\" \/><\/p>\n<p style=\"text-align: center;\"><span style=\"color: #999999;\"><font size=\"1\">\u00a9 Andermatt<\/font><\/span><\/p>\n<p>Une fois captur\u00e9s, les animaux sont ensuite autopsi\u00e9s. Ces autopsies nous permettrons de connaitre la structure de la population (\u00e2ge, poids, taille, sexe, statut reproducteur fin, parasitisme interne &#8230;). Des \u00e9chantillons de tissus sont aussi pr\u00e9lev\u00e9s pour diff\u00e9rentes analyses qui seront conduites dans d&rsquo;autres laboratoire :<\/p>\n<ul>\n<li>analyses sur la communaut\u00e9 de pathog\u00e8nes en collaboration\u00a0 avec le laboratoire Chrono-environnement de Franche Comt\u00e9<\/li>\n<li>analyses sur les anti-coagulants, la lepospirose \u00e0 VetAgro-Sup Lyon<\/li>\n<li>analyses sur les salmonelles \u00e0 VetAgro-Sup Clermont, UR Calityss<\/li>\n<li>analyses sur les ph\u00e9romones \u00e0 l&rsquo;INRA de Tours<\/li>\n<\/ul>\n<p>Nous collectons aussi des variables environnementales, notamment concernant la v\u00e9g\u00e9tation.<\/p>\n<p>&nbsp;<\/p>\n<p>&nbsp;<\/p>\n<p>Nous avons besoin de l\u2019accord d\u2019agriculteurs pour effectuer ce suivi sur leurs parcelles. <span style=\"color: #800000;\"><a style=\"color: #800000;\" href=\"http:\/\/demographie-campagnol.vetagro-sup.fr\/index.php\/autorisation-acces\/\">Pour vous inscrire et nous donner l&rsquo;autorisation d&rsquo;acc\u00e8s \u00e0 vos parcelles, veuillez cliquer ici. <\/a><\/span><br \/>\n<a href=\"http:\/\/demographie-campagnol.vetagro-sup.fr\/index.php\/autorisation-acces\/\"><br \/>\n<\/a><\/p>\n<p>&nbsp;<\/p>\n<p><a href=\"http:\/\/demographie-campagnol.vetagro-sup.fr\/index.php\/suivi-cmr\/\"><img loading=\"lazy\" decoding=\"async\" class=\"wp-image-142 alignleft\" src=\"http:\/\/demographie-campagnol.vetagro-sup.fr\/wp-content\/uploads\/2017\/02\/CMR.jpg\" width=\"100\" height=\"130\" \/><\/a><\/p>\n<p>&nbsp;<\/p>\n","protected":false},"excerpt":{"rendered":"<p>Dans les parcelles d&rsquo;agriculteurs volontaires, des campagnes de pi\u00e9geages coupl\u00e9es \u00e0 de relev\u00e9s de donn\u00e9es environnementales Nous souhaitons mettre en place des suivis permettant de connaitre les facteurs expliquant la variabilit\u00e9 du taux de croissance de la population. L&rsquo;\u00e9tude des taux de croissances imposte de faire 2 suivis cons\u00e9cutifs dans la m\u00eame parcelle. De mani\u00e8re &hellip; <\/p>\n<p class=\"link-more\"><a href=\"https:\/\/demographie-campagnol.vetagro-sup.fr\/index.php\/suivi-plein-champs\/\" class=\"more-link\">Continuer la lecture<span class=\"screen-reader-text\"> de &laquo;&nbsp;Suivi plein champs&nbsp;&raquo;<\/span><\/a><\/p>\n","protected":false},"author":2,"featured_media":0,"parent":0,"menu_order":0,"comment_status":"closed","ping_status":"closed","template":"","meta":{"footnotes":""},"class_list":["post-133","page","type-page","status-publish","hentry"],"_links":{"self":[{"href":"https:\/\/demographie-campagnol.vetagro-sup.fr\/index.php\/wp-json\/wp\/v2\/pages\/133","targetHints":{"allow":["GET"]}}],"collection":[{"href":"https:\/\/demographie-campagnol.vetagro-sup.fr\/index.php\/wp-json\/wp\/v2\/pages"}],"about":[{"href":"https:\/\/demographie-campagnol.vetagro-sup.fr\/index.php\/wp-json\/wp\/v2\/types\/page"}],"author":[{"embeddable":true,"href":"https:\/\/demographie-campagnol.vetagro-sup.fr\/index.php\/wp-json\/wp\/v2\/users\/2"}],"replies":[{"embeddable":true,"href":"https:\/\/demographie-campagnol.vetagro-sup.fr\/index.php\/wp-json\/wp\/v2\/comments?post=133"}],"version-history":[{"count":17,"href":"https:\/\/demographie-campagnol.vetagro-sup.fr\/index.php\/wp-json\/wp\/v2\/pages\/133\/revisions"}],"predecessor-version":[{"id":245,"href":"https:\/\/demographie-campagnol.vetagro-sup.fr\/index.php\/wp-json\/wp\/v2\/pages\/133\/revisions\/245"}],"wp:attachment":[{"href":"https:\/\/demographie-campagnol.vetagro-sup.fr\/index.php\/wp-json\/wp\/v2\/media?parent=133"}],"curies":[{"name":"wp","href":"https:\/\/api.w.org\/{rel}","templated":true}]}}