{"id":9,"date":"2017-01-30T08:30:56","date_gmt":"2017-01-30T07:30:56","guid":{"rendered":"http:\/\/demographie-campagnol.vetagro-sup.fr\/?page_id=9"},"modified":"2017-03-10T11:56:22","modified_gmt":"2017-03-10T10:56:22","slug":"contact","status":"publish","type":"page","link":"https:\/\/demographie-campagnol.vetagro-sup.fr\/index.php\/contact\/","title":{"rendered":"Contact"},"content":{"rendered":"\n<div class=\"wpcf7 no-js\" id=\"wpcf7-f182-o1\" lang=\"fr-FR\" dir=\"ltr\" data-wpcf7-id=\"182\">\n<div class=\"screen-reader-response\"><p role=\"status\" aria-live=\"polite\" aria-atomic=\"true\"><\/p> <ul><\/ul><\/div>\n<form action=\"\/index.php\/wp-json\/wp\/v2\/pages\/9#wpcf7-f182-o1\" method=\"post\" class=\"wpcf7-form init\" aria-label=\"Formulaire de contact\" enctype=\"multipart\/form-data\" novalidate=\"novalidate\" data-status=\"init\">\n<fieldset class=\"hidden-fields-container\"><input type=\"hidden\" name=\"_wpcf7\" value=\"182\" \/><input type=\"hidden\" name=\"_wpcf7_version\" value=\"6.1.5\" \/><input type=\"hidden\" name=\"_wpcf7_locale\" value=\"fr_FR\" \/><input type=\"hidden\" name=\"_wpcf7_unit_tag\" value=\"wpcf7-f182-o1\" \/><input type=\"hidden\" name=\"_wpcf7_container_post\" value=\"0\" \/><input type=\"hidden\" name=\"_wpcf7_posted_data_hash\" value=\"\" \/>\n<\/fieldset>\n<font size=8> Autorisation d'acc\u00e8s aux parcelles\n<\/font>\n<font size=5> Vous\n<\/font>\n<p><br \/>\n<label> Votre nom (obligatoire)<br \/>\n<span class=\"wpcf7-form-control-wrap\" data-name=\"NOM\"><input size=\"40\" maxlength=\"400\" class=\"wpcf7-form-control wpcf7-text wpcf7-validates-as-required\" aria-required=\"true\" aria-invalid=\"false\" value=\"\" type=\"text\" name=\"NOM\" \/><\/span> <\/label><br \/>\n<label> Pr\u00e9nom<br \/>\n<span class=\"wpcf7-form-control-wrap\" data-name=\"PRENOM\"><input size=\"40\" maxlength=\"400\" class=\"wpcf7-form-control wpcf7-text wpcf7-validates-as-required\" aria-required=\"true\" aria-invalid=\"false\" value=\"\" type=\"text\" name=\"PRENOM\" \/><\/span> <\/label>\n<\/p>\n<font size=5> Votre exploitation\n<\/font>\n<p><br \/>\n<span class=\"wpcf7-form-control-wrap\" data-name=\"structure\"><select class=\"wpcf7-form-control wpcf7-select wpcf7-validates-as-required\" aria-required=\"true\" aria-invalid=\"false\" name=\"structure\"><option value=\"SCEA\">SCEA<\/option><option value=\"GAEC\">GAEC<\/option><option value=\"EARL\">EARL<\/option><option value=\"SEP\">SEP<\/option><option value=\"Autre\">Autre<\/option><\/select><\/span><br \/>\n<label> Le nom de votre structure (obligatoire)<br \/>\n<span class=\"wpcf7-form-control-wrap\" data-name=\"EXPLOIT\"><input size=\"40\" maxlength=\"400\" class=\"wpcf7-form-control wpcf7-text wpcf7-validates-as-required\" aria-required=\"true\" aria-invalid=\"false\" value=\"\" type=\"text\" name=\"EXPLOIT\" \/><\/span> <\/label><br \/>\n<label> Commune de votre structure (obligatoire)<br \/>\n<span class=\"wpcf7-form-control-wrap\" data-name=\"COMMUNE\"><input size=\"40\" maxlength=\"400\" class=\"wpcf7-form-control wpcf7-text wpcf7-validates-as-required\" aria-required=\"true\" aria-invalid=\"false\" value=\"\" type=\"text\" name=\"COMMUNE\" \/><\/span> <\/label>\n<\/p>\n<font size=5> Comment vous contacter\n<\/font>\n<p><br \/>\n<label> Votre e-mail (obligatoire)<br \/>\n<span class=\"wpcf7-form-control-wrap\" data-name=\"EMAIL01\"><input size=\"40\" maxlength=\"400\" class=\"wpcf7-form-control wpcf7-email wpcf7-text wpcf7-validates-as-email\" aria-invalid=\"false\" value=\"________@_____\" type=\"email\" name=\"EMAIL01\" \/><\/span> <\/label><br \/>\n<label> Vos num\u00e9ros de t\u00e9l\u00e9phone (obligatoire)<br \/>\n<span class=\"wpcf7-form-control-wrap\" data-name=\"TEL01\"><input size=\"40\" maxlength=\"400\" class=\"wpcf7-form-control wpcf7-tel wpcf7-text wpcf7-validates-as-tel\" aria-invalid=\"false\" value=\"04XXXXXXXX\" type=\"tel\" name=\"TEL01\" \/><\/span> <\/label><br \/>\n<span class=\"wpcf7-form-control-wrap\" data-name=\"TEL06\"><input size=\"40\" maxlength=\"400\" class=\"wpcf7-form-control wpcf7-tel wpcf7-text wpcf7-validates-as-tel\" aria-invalid=\"false\" value=\"06XXXXXXXX\" type=\"tel\" name=\"TEL06\" \/><\/span>\n<\/p>\n<p><br \/>\n\t<font size=5> Nos interactions\n\t<\/font><br \/>\n<label>J'autorise l'acc\u00e8s \u00e0 VetAgro-Sup et ses partenaires aux parcelles suivantes pour effectuer des relev\u00e9s dans le cadre du programme Campagnol Terrestre <\/label><br \/>\n<span class=\"wpcf7-form-control-wrap\" data-name=\"Autorisation\"><span class=\"wpcf7-form-control wpcf7-checkbox\"><span class=\"wpcf7-list-item first last\"><input type=\"checkbox\" name=\"Autorisation[]\" value=\"oui\" \/><span class=\"wpcf7-list-item-label\">oui<\/span><\/span><\/span><\/span>\n<\/p>\n<p><label>Je souhaite \u00eatre inform\u00e9 syst\u00e9matiquement du passage des \u00e9quipes de terrain sur mes parcelles <\/label><br \/>\n<span class=\"wpcf7-form-control-wrap\" data-name=\"exclusive\"><span class=\"wpcf7-form-control wpcf7-checkbox\"><span class=\"wpcf7-list-item first\"><input type=\"checkbox\" name=\"exclusive[]\" value=\"non\" \/><span class=\"wpcf7-list-item-label\">non<\/span><\/span><span class=\"wpcf7-list-item\"><input type=\"checkbox\" name=\"exclusive[]\" value=\"par mail\" \/><span class=\"wpcf7-list-item-label\">par mail<\/span><\/span><span class=\"wpcf7-list-item last\"><input type=\"checkbox\" name=\"exclusive[]\" value=\"par t\u00e9l\u00e9phone\" \/><span class=\"wpcf7-list-item-label\">par t\u00e9l\u00e9phone<\/span><\/span><\/span><\/span>\n<\/p>\n<hr \/>\n<font size=8> Localisation des parcelles\n<\/font>\n<p><span style=\"color: #800000;\"> Les informations pour identifier les parcelles sont celles du cadastre (Commune, section, num\u00e9ro de parcelle)<\/span>\n<\/p>\n<p><span style=\"color: #808080;\"> Si vous pr\u00e9f\u00e9rez, vous pouvez joindre une copie de votre d\u00e9claration PAC avec les parcelles concern\u00e9es clairement identifi\u00e9es <\/span><br \/>\n<span class=\"wpcf7-form-control-wrap\" data-name=\"file-162\"><input size=\"40\" class=\"wpcf7-form-control wpcf7-file\" accept=\".gif,.png,.jpg,.jpeg\" aria-invalid=\"false\" type=\"file\" name=\"file-162\" \/><\/span>\n<\/p>\n<p><label> Commune<br \/>\n<span class=\"wpcf7-form-control-wrap\" data-name=\"COMMUNE1\"><input size=\"40\" maxlength=\"400\" class=\"wpcf7-form-control wpcf7-text\" aria-invalid=\"false\" value=\"\" type=\"text\" name=\"COMMUNE1\" \/><\/span> <\/label><br \/>\n<label> Section<br \/>\n<span class=\"wpcf7-form-control-wrap\" data-name=\"SECTION1\"><input size=\"40\" maxlength=\"400\" class=\"wpcf7-form-control wpcf7-text\" aria-invalid=\"false\" value=\"\" type=\"text\" name=\"SECTION1\" \/><\/span> <\/label><br \/>\n<label> Num\u00e9ro de cadastre<br \/>\n<span class=\"wpcf7-form-control-wrap\" data-name=\"CADASTRE1\"><textarea cols=\"40\" rows=\"10\" maxlength=\"2000\" class=\"wpcf7-form-control wpcf7-textarea\" aria-invalid=\"false\" name=\"CADASTRE1\"><\/textarea><\/span> <\/label>\n<\/p>\n<p><span style=\"color: #808080;\"> (si vous souhaitez nous autoriser l'acc\u00e8s \u00e0 des parcelles dans diff\u00e9rentes communes \/ sections, merci de remplir les boites ci-dessous) <\/span><br \/>\n<label> Commune<br \/>\n<span class=\"wpcf7-form-control-wrap\" data-name=\"COMMUNE2\"><input size=\"40\" maxlength=\"400\" class=\"wpcf7-form-control wpcf7-text\" aria-invalid=\"false\" value=\"\" type=\"text\" name=\"COMMUNE2\" \/><\/span> <\/label><br \/>\n<label> Section<br \/>\n<span class=\"wpcf7-form-control-wrap\" data-name=\"SECTION2\"><input size=\"40\" maxlength=\"400\" class=\"wpcf7-form-control wpcf7-text\" aria-invalid=\"false\" value=\"\" type=\"text\" name=\"SECTION2\" \/><\/span> <\/label><br \/>\n<label> Num\u00e9ro de cadastre<br \/>\n<span class=\"wpcf7-form-control-wrap\" data-name=\"CADASTRE2\"><textarea cols=\"40\" rows=\"10\" maxlength=\"2000\" class=\"wpcf7-form-control wpcf7-textarea\" aria-invalid=\"false\" name=\"CADASTRE2\"><\/textarea><\/span> <\/label>\n<\/p>\n<p><span style=\"color: #808080;\"> (si vous souhaitez nous autoriser l'acc\u00e8s \u00e0 des parcelles dans diff\u00e9rentes communes \/ sections, merci de remplir les boites ci-dessous) <\/span><br \/>\n<label> Commune<br \/>\n<span class=\"wpcf7-form-control-wrap\" data-name=\"COMMUNE3\"><input size=\"40\" maxlength=\"400\" class=\"wpcf7-form-control wpcf7-text\" aria-invalid=\"false\" value=\"\" type=\"text\" name=\"COMMUNE3\" \/><\/span> <\/label><br \/>\n<label> Section<br \/>\n<span class=\"wpcf7-form-control-wrap\" data-name=\"SECTION3\"><input size=\"40\" maxlength=\"400\" class=\"wpcf7-form-control wpcf7-text\" aria-invalid=\"false\" value=\"\" type=\"text\" name=\"SECTION3\" \/><\/span> <\/label><br \/>\n<label> Num\u00e9ro de cadastre<br \/>\n<span class=\"wpcf7-form-control-wrap\" data-name=\"CADASTRE3\"><textarea cols=\"40\" rows=\"10\" maxlength=\"2000\" class=\"wpcf7-form-control wpcf7-textarea\" aria-invalid=\"false\" name=\"CADASTRE3\"><\/textarea><\/span> <\/label>\n<\/p>\n<p><script src='https:\/\/www.google.com\/recaptcha\/api.js'><\/script>\n<\/p>\n<div class=\"g-recaptcha\" data-sitekey=\"6LczcRgUAAAAABnz6-yMmdy_F5bcza4ShmJRW3ii\">\n<\/div>\n<p><input class=\"wpcf7-form-control wpcf7-submit has-spinner\" type=\"submit\" value=\"Envoyer\" \/>\n<\/p><p style=\"display: none !important;\" class=\"akismet-fields-container\" data-prefix=\"_wpcf7_ak_\"><label>&#916;<textarea name=\"_wpcf7_ak_hp_textarea\" cols=\"45\" rows=\"8\" maxlength=\"100\"><\/textarea><\/label><input type=\"hidden\" id=\"ak_js_1\" name=\"_wpcf7_ak_js\" value=\"101\"\/><script>\ndocument.getElementById( \"ak_js_1\" ).setAttribute( \"value\", ( new Date() ).getTime() );\n<\/script>\n<\/p><div class=\"wpcf7-response-output\" aria-hidden=\"true\"><\/div>\n<\/form>\n<\/div>\n\n","protected":false},"excerpt":{"rendered":"","protected":false},"author":1,"featured_media":88,"parent":0,"menu_order":0,"comment_status":"closed","ping_status":"closed","template":"","meta":{"footnotes":""},"class_list":["post-9","page","type-page","status-publish","has-post-thumbnail","hentry"],"_links":{"self":[{"href":"https:\/\/demographie-campagnol.vetagro-sup.fr\/index.php\/wp-json\/wp\/v2\/pages\/9","targetHints":{"allow":["GET"]}}],"collection":[{"href":"https:\/\/demographie-campagnol.vetagro-sup.fr\/index.php\/wp-json\/wp\/v2\/pages"}],"about":[{"href":"https:\/\/demographie-campagnol.vetagro-sup.fr\/index.php\/wp-json\/wp\/v2\/types\/page"}],"author":[{"embeddable":true,"href":"https:\/\/demographie-campagnol.vetagro-sup.fr\/index.php\/wp-json\/wp\/v2\/users\/1"}],"replies":[{"embeddable":true,"href":"https:\/\/demographie-campagnol.vetagro-sup.fr\/index.php\/wp-json\/wp\/v2\/comments?post=9"}],"version-history":[{"count":4,"href":"https:\/\/demographie-campagnol.vetagro-sup.fr\/index.php\/wp-json\/wp\/v2\/pages\/9\/revisions"}],"predecessor-version":[{"id":184,"href":"https:\/\/demographie-campagnol.vetagro-sup.fr\/index.php\/wp-json\/wp\/v2\/pages\/9\/revisions\/184"}],"wp:featuredmedia":[{"embeddable":true,"href":"https:\/\/demographie-campagnol.vetagro-sup.fr\/index.php\/wp-json\/wp\/v2\/media\/88"}],"wp:attachment":[{"href":"https:\/\/demographie-campagnol.vetagro-sup.fr\/index.php\/wp-json\/wp\/v2\/media?parent=9"}],"curies":[{"name":"wp","href":"https:\/\/api.w.org\/{rel}","templated":true}]}}